{"id":56,"date":"2012-07-27T19:47:05","date_gmt":"2012-07-27T19:47:05","guid":{"rendered":"http:\/\/gremira.cl\/web\/?page_id=56"},"modified":"2023-08-18T14:24:03","modified_gmt":"2023-08-18T14:24:03","slug":"alianzas","status":"publish","type":"page","link":"https:\/\/www.miraycia.cl\/en\/alianzas\/","title":{"rendered":"Strategic Alliances"},"content":{"rendered":"<p>In order to cover certain specific matters, as well as business out of Santiago, the Firm has created close relationship, with top level professionals, in their respective jurisdictions or expertise.<\/p>\n<div style=\"width: 255px; float: left; margin-left: 50px;\">\n<h3>Santiago<\/h3>\n<p>Tax Consultores<\/p>\n<p><a title=\"Marina O\u00f1ate\" href=\"\/en\/alianzas\/marina-onate\/\"><strong>Marina O\u00f1ate Urrutia<\/strong><\/a><\/p>\n<p>www.taxconsultores.cl<\/p>\n<p>Almirante Lorenzo Gotuzzo 96 of 34<\/p>\n<\/div>\n<div style=\"width: 255px; float: left; margin-left: 50px;\">\n<h3>Valpara\u00edso<\/h3>\n<p><strong>Germ\u00e1n L\u00fchrs Antoncich<\/strong><\/p>\n<p>Prat 725 Oficina 304<\/p>\n<p>Phone: (32)2259444<\/p>\n<p>estudioguarello@gmail.com<\/p>\n<\/div>\n<div style=\"width: 225px; float: left;\">\n<h3>Concepci\u00f3n<\/h3>\n<p><strong>Hugo Larra\u00edn Prat &amp; C\u00eda Abogados<\/strong><\/p>\n<p>Caupolic\u00e1n N\u00b0 374 Of. 511<\/p>\n<p>Phone: (41)291199<\/p>\n<p>hlarrain@abogadoslarrain.cl<\/p>\n<\/div>\n<p><\/p>","protected":false},"excerpt":{"rendered":"<p>In order to cover certain specific matters, as well as business out of Santiago, the Firm has created close relationship, with top level professionals, in their respective jurisdictions or expertise. Santiago Tax Consultores Marina O\u00f1ate Urrutia www.taxconsultores.cl Almirante Lorenzo Gotuzzo 96 of 34 Valpara\u00edso Germ\u00e1n L\u00fchrs Antoncich Prat 725 Oficina 304 Phone: (32)2259444 estudioguarello@gmail.com Concepci\u00f3n [&hellip;]<\/p>\n","protected":false},"author":4,"featured_media":100,"parent":0,"menu_order":4,"comment_status":"open","ping_status":"open","template":"","meta":{"footnotes":""},"_links":{"self":[{"href":"https:\/\/www.miraycia.cl\/en\/wp-json\/wp\/v2\/pages\/56"}],"collection":[{"href":"https:\/\/www.miraycia.cl\/en\/wp-json\/wp\/v2\/pages"}],"about":[{"href":"https:\/\/www.miraycia.cl\/en\/wp-json\/wp\/v2\/types\/page"}],"author":[{"embeddable":true,"href":"https:\/\/www.miraycia.cl\/en\/wp-json\/wp\/v2\/users\/4"}],"replies":[{"embeddable":true,"href":"https:\/\/www.miraycia.cl\/en\/wp-json\/wp\/v2\/comments?post=56"}],"version-history":[{"count":35,"href":"https:\/\/www.miraycia.cl\/en\/wp-json\/wp\/v2\/pages\/56\/revisions"}],"predecessor-version":[{"id":145,"href":"https:\/\/www.miraycia.cl\/en\/wp-json\/wp\/v2\/pages\/56\/revisions\/145"}],"wp:featuredmedia":[{"embeddable":true,"href":"https:\/\/www.miraycia.cl\/en\/wp-json\/wp\/v2\/media\/100"}],"wp:attachment":[{"href":"https:\/\/www.miraycia.cl\/en\/wp-json\/wp\/v2\/media?parent=56"}],"curies":[{"name":"wp","href":"https:\/\/api.w.org\/{rel}","templated":true}]}}